{"id":1145,"date":"2020-01-08T10:40:14","date_gmt":"2020-01-08T10:40:14","guid":{"rendered":"http:\/\/mz-lkdh.de\/?post_type=product&#038;p=1145"},"modified":"2020-01-08T10:40:15","modified_gmt":"2020-01-08T10:40:15","slug":"acer-p1385wb","status":"publish","type":"product","link":"https:\/\/mz-lkdh.de\/?product=acer-p1385wb","title":{"rendered":"Acer P1385WB"},"content":{"rendered":"<p>Dieser Beamer ist MHL-f\u00e4hig, d.h. eine Pr\u00e4sentation von Mobilger\u00e4ten kann drahtlos \u00fcber App erfolgen. Optional gibt es einen WLan-Adapter dazu. Aufl\u00f6sung: 1280&#215;800 Pixel, Helligkeit: 3200 ANSILumen<\/p>\n","protected":false},"excerpt":{"rendered":"<p>Dieser Beamer ist MHL-f\u00e4hig, d.h. eine Pr\u00e4sentation von Mobilger\u00e4ten kann drahtlos \u00fcber App erfolgen. Optional gibt es einen WLan-Adapter dazu. Aufl\u00f6sung: 1280&#215;800 Pixel, Helligkeit: 3200 ANSILumen<\/p>\n","protected":false},"featured_media":0,"template":"","meta":[],"product_brand":[],"product_cat":[25],"product_tag":[],"class_list":{"0":"post-1145","1":"product","2":"type-product","3":"status-publish","5":"product_cat-beamer","7":"first","8":"instock","9":"shipping-taxable","10":"product-type-simple"},"jetpack_sharing_enabled":true,"_links":{"self":[{"href":"https:\/\/mz-lkdh.de\/index.php?rest_route=\/wp\/v2\/product\/1145","targetHints":{"allow":["GET"]}}],"collection":[{"href":"https:\/\/mz-lkdh.de\/index.php?rest_route=\/wp\/v2\/product"}],"about":[{"href":"https:\/\/mz-lkdh.de\/index.php?rest_route=\/wp\/v2\/types\/product"}],"wp:attachment":[{"href":"https:\/\/mz-lkdh.de\/index.php?rest_route=%2Fwp%2Fv2%2Fmedia&parent=1145"}],"wp:term":[{"taxonomy":"product_brand","embeddable":true,"href":"https:\/\/mz-lkdh.de\/index.php?rest_route=%2Fwp%2Fv2%2Fproduct_brand&post=1145"},{"taxonomy":"product_cat","embeddable":true,"href":"https:\/\/mz-lkdh.de\/index.php?rest_route=%2Fwp%2Fv2%2Fproduct_cat&post=1145"},{"taxonomy":"product_tag","embeddable":true,"href":"https:\/\/mz-lkdh.de\/index.php?rest_route=%2Fwp%2Fv2%2Fproduct_tag&post=1145"}],"curies":[{"name":"wp","href":"https:\/\/api.w.org\/{rel}","templated":true}]}}