{"id":1209,"date":"2020-01-29T09:48:57","date_gmt":"2020-01-29T09:48:57","guid":{"rendered":"http:\/\/mz-lkdh.de\/?post_type=product&#038;p=1209"},"modified":"2020-01-29T10:58:09","modified_gmt":"2020-01-29T10:58:09","slug":"zubehoer-dslr-fotografie","status":"publish","type":"product","link":"https:\/\/mz-lkdh.de\/?product=zubehoer-dslr-fotografie","title":{"rendered":"Zubeh\u00f6r DSLR-Fotografie"},"content":{"rendered":"<p>Wir haben f\u00fcr ambitionierte Fotoprojekte externe Blitzger\u00e4te, auch f\u00fcrs entfesselte Blitzen. Reflektorschirm, Zeitlupenstative 360\u00b0, Farbfolien.<\/p>\n<p>Au\u00dferdem Objektive mit EF-und AF-S-Mount passend f\u00fcr Canon und Nikon-Kameras.<\/p>\n<p>&nbsp;<\/p>\n","protected":false},"excerpt":{"rendered":"<p>Wir haben f\u00fcr ambitionierte Fotoprojekte externe Blitzger\u00e4te, auch f\u00fcrs entfesselte Blitzen. Reflektorschirm, Zeitlupenstative 360\u00b0, Farbfolien. Au\u00dferdem Objektive mit EF-und AF-S-Mount passend f\u00fcr Canon und Nikon-Kameras. &nbsp;<\/p>\n","protected":false},"featured_media":1211,"template":"","meta":[],"product_brand":[],"product_cat":[75],"product_tag":[],"class_list":{"0":"post-1209","1":"product","2":"type-product","3":"status-publish","4":"has-post-thumbnail","6":"product_cat-zubehoer","8":"first","9":"instock","10":"shipping-taxable","11":"product-type-simple"},"jetpack_sharing_enabled":true,"_links":{"self":[{"href":"https:\/\/mz-lkdh.de\/index.php?rest_route=\/wp\/v2\/product\/1209","targetHints":{"allow":["GET"]}}],"collection":[{"href":"https:\/\/mz-lkdh.de\/index.php?rest_route=\/wp\/v2\/product"}],"about":[{"href":"https:\/\/mz-lkdh.de\/index.php?rest_route=\/wp\/v2\/types\/product"}],"wp:featuredmedia":[{"embeddable":true,"href":"https:\/\/mz-lkdh.de\/index.php?rest_route=\/wp\/v2\/media\/1211"}],"wp:attachment":[{"href":"https:\/\/mz-lkdh.de\/index.php?rest_route=%2Fwp%2Fv2%2Fmedia&parent=1209"}],"wp:term":[{"taxonomy":"product_brand","embeddable":true,"href":"https:\/\/mz-lkdh.de\/index.php?rest_route=%2Fwp%2Fv2%2Fproduct_brand&post=1209"},{"taxonomy":"product_cat","embeddable":true,"href":"https:\/\/mz-lkdh.de\/index.php?rest_route=%2Fwp%2Fv2%2Fproduct_cat&post=1209"},{"taxonomy":"product_tag","embeddable":true,"href":"https:\/\/mz-lkdh.de\/index.php?rest_route=%2Fwp%2Fv2%2Fproduct_tag&post=1209"}],"curies":[{"name":"wp","href":"https:\/\/api.w.org\/{rel}","templated":true}]}}