{"id":1213,"date":"2020-01-29T09:58:59","date_gmt":"2020-01-29T09:58:59","guid":{"rendered":"http:\/\/mz-lkdh.de\/?post_type=product&#038;p=1213"},"modified":"2020-01-29T13:39:25","modified_gmt":"2020-01-29T13:39:25","slug":"nikon-5100","status":"publish","type":"product","link":"https:\/\/mz-lkdh.de\/?product=nikon-5100","title":{"rendered":"Nikon 5100"},"content":{"rendered":"<p>16,2 MegaPixel, zahlreiche Motivprogramme, gute Men\u00fcf\u00fchrung: ideal f\u00fcrs Gruppenfoto in der Schule und als LehrerInnenger\u00e4t f\u00fcr den Unterricht<\/p>\n","protected":false},"excerpt":{"rendered":"<p>16,2 MegaPixel, zahlreiche Motivprogramme, gute Men\u00fcf\u00fchrung: ideal f\u00fcrs Gruppenfoto in der Schule und als LehrerInnenger\u00e4t f\u00fcr den Unterricht<\/p>\n","protected":false},"featured_media":1215,"template":"","meta":[],"product_brand":[],"product_cat":[23,76],"product_tag":[],"class_list":{"0":"post-1213","1":"product","2":"type-product","3":"status-publish","4":"has-post-thumbnail","6":"product_cat-foto","7":"product_cat-kameras-foto","9":"first","10":"instock","11":"shipping-taxable","12":"product-type-simple"},"jetpack_sharing_enabled":true,"_links":{"self":[{"href":"https:\/\/mz-lkdh.de\/index.php?rest_route=\/wp\/v2\/product\/1213","targetHints":{"allow":["GET"]}}],"collection":[{"href":"https:\/\/mz-lkdh.de\/index.php?rest_route=\/wp\/v2\/product"}],"about":[{"href":"https:\/\/mz-lkdh.de\/index.php?rest_route=\/wp\/v2\/types\/product"}],"wp:featuredmedia":[{"embeddable":true,"href":"https:\/\/mz-lkdh.de\/index.php?rest_route=\/wp\/v2\/media\/1215"}],"wp:attachment":[{"href":"https:\/\/mz-lkdh.de\/index.php?rest_route=%2Fwp%2Fv2%2Fmedia&parent=1213"}],"wp:term":[{"taxonomy":"product_brand","embeddable":true,"href":"https:\/\/mz-lkdh.de\/index.php?rest_route=%2Fwp%2Fv2%2Fproduct_brand&post=1213"},{"taxonomy":"product_cat","embeddable":true,"href":"https:\/\/mz-lkdh.de\/index.php?rest_route=%2Fwp%2Fv2%2Fproduct_cat&post=1213"},{"taxonomy":"product_tag","embeddable":true,"href":"https:\/\/mz-lkdh.de\/index.php?rest_route=%2Fwp%2Fv2%2Fproduct_tag&post=1213"}],"curies":[{"name":"wp","href":"https:\/\/api.w.org\/{rel}","templated":true}]}}