{"id":1403,"date":"2020-02-05T15:46:31","date_gmt":"2020-02-05T15:46:31","guid":{"rendered":"http:\/\/mz-lkdh.de\/?post_type=product&#038;p=1403"},"modified":"2020-02-17T11:39:02","modified_gmt":"2020-02-17T11:39:02","slug":"beebots-roboter-fuer-die-grundschule","status":"publish","type":"product","link":"https:\/\/mz-lkdh.de\/?product=beebots-roboter-fuer-die-grundschule","title":{"rendered":"Beebots &#8211; Roboter f\u00fcr die Grundschule"},"content":{"rendered":"<p>Diese kleinen Bienen kommen in einer Ladeschale zu sechst in ihr Klassenzimmer. Vorw\u00e4rts, seitw\u00e4rts, r\u00fcckw\u00e4rts lassen sich 15-cm-Bewegungen einspeichern.\u00a0 Dabei lernen die Kinder nicht nur r\u00e4umliches und vorausschauendes Denken, vor allen Dingen lassen sich sehr gut Spiele damit arrangieren und Sch\u00e4tze und Buchstaben\u00a0 finden. Ein Video und Unterrichtsbeispiele finden Sie <a href=\"https:\/\/mahara.ph-noe.ac.at\/user\/gerhard-brandhofer\/beebots\">hier<\/a>.<\/p>\n","protected":false},"excerpt":{"rendered":"<p>Diese kleinen Bienen kommen in einer Ladeschale zu sechst in ihr Klassenzimmer. Vorw\u00e4rts, seitw\u00e4rts, r\u00fcckw\u00e4rts lassen sich 15-cm-Bewegungen einspeichern.\u00a0 Dabei lernen die Kinder nicht nur r\u00e4umliches und vorausschauendes Denken, vor allen Dingen lassen sich sehr gut Spiele damit arrangieren und Sch\u00e4tze und Buchstaben\u00a0 finden. Ein<\/p>\n","protected":false},"featured_media":1412,"template":"","meta":[],"product_brand":[],"product_cat":[74],"product_tag":[],"class_list":{"0":"post-1403","1":"product","2":"type-product","3":"status-publish","4":"has-post-thumbnail","6":"product_cat-robotic","8":"first","9":"instock","10":"shipping-taxable","11":"product-type-simple"},"jetpack_sharing_enabled":true,"_links":{"self":[{"href":"https:\/\/mz-lkdh.de\/index.php?rest_route=\/wp\/v2\/product\/1403","targetHints":{"allow":["GET"]}}],"collection":[{"href":"https:\/\/mz-lkdh.de\/index.php?rest_route=\/wp\/v2\/product"}],"about":[{"href":"https:\/\/mz-lkdh.de\/index.php?rest_route=\/wp\/v2\/types\/product"}],"wp:featuredmedia":[{"embeddable":true,"href":"https:\/\/mz-lkdh.de\/index.php?rest_route=\/wp\/v2\/media\/1412"}],"wp:attachment":[{"href":"https:\/\/mz-lkdh.de\/index.php?rest_route=%2Fwp%2Fv2%2Fmedia&parent=1403"}],"wp:term":[{"taxonomy":"product_brand","embeddable":true,"href":"https:\/\/mz-lkdh.de\/index.php?rest_route=%2Fwp%2Fv2%2Fproduct_brand&post=1403"},{"taxonomy":"product_cat","embeddable":true,"href":"https:\/\/mz-lkdh.de\/index.php?rest_route=%2Fwp%2Fv2%2Fproduct_cat&post=1403"},{"taxonomy":"product_tag","embeddable":true,"href":"https:\/\/mz-lkdh.de\/index.php?rest_route=%2Fwp%2Fv2%2Fproduct_tag&post=1403"}],"curies":[{"name":"wp","href":"https:\/\/api.w.org\/{rel}","templated":true}]}}