{"id":1455,"date":"2020-03-11T09:37:05","date_gmt":"2020-03-11T09:37:05","guid":{"rendered":"http:\/\/mz-lkdh.de\/?post_type=product&#038;p=1455"},"modified":"2020-03-11T10:04:03","modified_gmt":"2020-03-11T10:04:03","slug":"smartphonetablet-rode-videomic","status":"publish","type":"product","link":"https:\/\/mz-lkdh.de\/?product=smartphonetablet-rode-videomic","title":{"rendered":"Rode Videomicro"},"content":{"rendered":"<p>Dieses Kondensatormikrofon ist f\u00fcr das Filmen mit\u00a0 mobilen Ger\u00e4ten ausgelegt, weil es leicht und klein ist. Die Nierencharakteristik vermindert\u00a0 die Aufzeichnung von St\u00f6rger\u00e4uschen, die von hinten oder seitlich kommen. Mit dabei ist eine Gummispinne und eine Deadcat f\u00fcr eine einwandfreie Aufnahme bei Wind und Bewegung.<\/p>\n","protected":false},"excerpt":{"rendered":"<p>Dieses Kondensatormikrofon ist f\u00fcr das Filmen mit\u00a0 mobilen Ger\u00e4ten ausgelegt, weil es leicht und klein ist. Die Nierencharakteristik vermindert\u00a0 die Aufzeichnung von St\u00f6rger\u00e4uschen, die von hinten oder seitlich kommen. Mit dabei ist eine Gummispinne und eine Deadcat f\u00fcr eine einwandfreie Aufnahme bei Wind und Bewegung.<\/p>\n","protected":false},"featured_media":1461,"template":"","meta":[],"product_brand":[],"product_cat":[27,70,24,31,90],"product_tag":[91],"class_list":{"0":"post-1455","1":"product","2":"type-product","3":"status-publish","4":"has-post-thumbnail","6":"product_cat-audio","7":"product_cat-filmzubehoer","8":"product_cat-film","9":"product_cat-mikros","10":"product_cat-smartphonetablet-filmzubehoer","11":"product_tag-mikro-niere-filmmikro","13":"first","14":"instock","15":"shipping-taxable","16":"product-type-simple"},"jetpack_sharing_enabled":true,"_links":{"self":[{"href":"https:\/\/mz-lkdh.de\/index.php?rest_route=\/wp\/v2\/product\/1455","targetHints":{"allow":["GET"]}}],"collection":[{"href":"https:\/\/mz-lkdh.de\/index.php?rest_route=\/wp\/v2\/product"}],"about":[{"href":"https:\/\/mz-lkdh.de\/index.php?rest_route=\/wp\/v2\/types\/product"}],"wp:featuredmedia":[{"embeddable":true,"href":"https:\/\/mz-lkdh.de\/index.php?rest_route=\/wp\/v2\/media\/1461"}],"wp:attachment":[{"href":"https:\/\/mz-lkdh.de\/index.php?rest_route=%2Fwp%2Fv2%2Fmedia&parent=1455"}],"wp:term":[{"taxonomy":"product_brand","embeddable":true,"href":"https:\/\/mz-lkdh.de\/index.php?rest_route=%2Fwp%2Fv2%2Fproduct_brand&post=1455"},{"taxonomy":"product_cat","embeddable":true,"href":"https:\/\/mz-lkdh.de\/index.php?rest_route=%2Fwp%2Fv2%2Fproduct_cat&post=1455"},{"taxonomy":"product_tag","embeddable":true,"href":"https:\/\/mz-lkdh.de\/index.php?rest_route=%2Fwp%2Fv2%2Fproduct_tag&post=1455"}],"curies":[{"name":"wp","href":"https:\/\/api.w.org\/{rel}","templated":true}]}}