{"id":1528,"date":"2020-06-15T12:53:25","date_gmt":"2020-06-15T12:53:25","guid":{"rendered":"http:\/\/mz-lkdh.de\/?post_type=product&#038;p=1528"},"modified":"2022-05-13T09:05:04","modified_gmt":"2022-05-13T09:05:04","slug":"streaming","status":"publish","type":"product","link":"https:\/\/mz-lkdh.de\/?product=streaming","title":{"rendered":"Webcamrecorder Zoom Q2n"},"content":{"rendered":"<p>Falls das Leben wieder online stattfinden muss:\u00a0 Mit einer guten Webcam l\u00e4sst sich ein Klassenzimmer, ein Sportraum, ein Meetingraum gut einfangen und der Ton wird durch eingebaute Mikrofone sauber und verst\u00e4ndlich \u00fcbertragen.<\/p>\n","protected":false},"excerpt":{"rendered":"<p>4 K-Recording, Streaming in HD, verschiedene einfache Einstellm\u00f6glichkeit bei unterschiedlichen Lichtverh\u00e4ltnisse. Eingebaute Stereomikrofone. Zusatzakku f\u00fcr lange Laufzeit. Ins Netz \u00fcber WLAN.<\/p>\n","protected":false},"featured_media":1535,"template":"","meta":[],"product_brand":[],"product_cat":[97],"product_tag":[],"class_list":{"0":"post-1528","1":"product","2":"type-product","3":"status-publish","4":"has-post-thumbnail","6":"product_cat-webcam","8":"first","9":"instock","10":"shipping-taxable","11":"product-type-simple"},"jetpack_sharing_enabled":true,"_links":{"self":[{"href":"https:\/\/mz-lkdh.de\/index.php?rest_route=\/wp\/v2\/product\/1528","targetHints":{"allow":["GET"]}}],"collection":[{"href":"https:\/\/mz-lkdh.de\/index.php?rest_route=\/wp\/v2\/product"}],"about":[{"href":"https:\/\/mz-lkdh.de\/index.php?rest_route=\/wp\/v2\/types\/product"}],"wp:featuredmedia":[{"embeddable":true,"href":"https:\/\/mz-lkdh.de\/index.php?rest_route=\/wp\/v2\/media\/1535"}],"wp:attachment":[{"href":"https:\/\/mz-lkdh.de\/index.php?rest_route=%2Fwp%2Fv2%2Fmedia&parent=1528"}],"wp:term":[{"taxonomy":"product_brand","embeddable":true,"href":"https:\/\/mz-lkdh.de\/index.php?rest_route=%2Fwp%2Fv2%2Fproduct_brand&post=1528"},{"taxonomy":"product_cat","embeddable":true,"href":"https:\/\/mz-lkdh.de\/index.php?rest_route=%2Fwp%2Fv2%2Fproduct_cat&post=1528"},{"taxonomy":"product_tag","embeddable":true,"href":"https:\/\/mz-lkdh.de\/index.php?rest_route=%2Fwp%2Fv2%2Fproduct_tag&post=1528"}],"curies":[{"name":"wp","href":"https:\/\/api.w.org\/{rel}","templated":true}]}}