{"id":1536,"date":"2020-06-16T06:12:46","date_gmt":"2020-06-16T06:12:46","guid":{"rendered":"http:\/\/mz-lkdh.de\/?post_type=product&#038;p=1536"},"modified":"2022-05-13T09:08:41","modified_gmt":"2022-05-13T09:08:41","slug":"streamingkamera-mevo-plus-eu","status":"publish","type":"product","link":"https:\/\/mz-lkdh.de\/?product=streamingkamera-mevo-plus-eu","title":{"rendered":"Streamingkamera Mevo Plus EU"},"content":{"rendered":"<p>Falls das Leben wieder online stattfinden muss:\u00a0 Mit einer guten Webcam l\u00e4sst sich ein Klassenzimmer, ein Sportraum, ein Meetingraum gut einfangen und der Ton wird durch eingebaute Mikrofone sauber und verst\u00e4ndlich \u00fcbertragen.<\/p>\n","protected":false},"excerpt":{"rendered":"<p>Aufnehmen in\u00a0 4K, Streamen bis zu\u00a0 1080p HD,\u00a0 Wifi oder LTE, externes Audio \u00fcber mobile Ger\u00e4te m\u00f6glich, gro\u00dfe\u00a0 Wi-Fi Reichweite mit\u00a0 802.11ac Wi-Fi-Chip<\/p>\n<p>Mit dem Booster ist eine Streamingdauer von 5 Stunden m\u00f6glich, zus\u00e4tzlich l\u00e4sst sich die Einheit \u00fcber ein LAN anschlie\u00dfen!<\/p>\n","protected":false},"featured_media":1537,"template":"","meta":[],"product_brand":[],"product_cat":[97],"product_tag":[],"class_list":{"0":"post-1536","1":"product","2":"type-product","3":"status-publish","4":"has-post-thumbnail","6":"product_cat-webcam","8":"first","9":"instock","10":"shipping-taxable","11":"product-type-simple"},"jetpack_sharing_enabled":true,"_links":{"self":[{"href":"https:\/\/mz-lkdh.de\/index.php?rest_route=\/wp\/v2\/product\/1536","targetHints":{"allow":["GET"]}}],"collection":[{"href":"https:\/\/mz-lkdh.de\/index.php?rest_route=\/wp\/v2\/product"}],"about":[{"href":"https:\/\/mz-lkdh.de\/index.php?rest_route=\/wp\/v2\/types\/product"}],"wp:featuredmedia":[{"embeddable":true,"href":"https:\/\/mz-lkdh.de\/index.php?rest_route=\/wp\/v2\/media\/1537"}],"wp:attachment":[{"href":"https:\/\/mz-lkdh.de\/index.php?rest_route=%2Fwp%2Fv2%2Fmedia&parent=1536"}],"wp:term":[{"taxonomy":"product_brand","embeddable":true,"href":"https:\/\/mz-lkdh.de\/index.php?rest_route=%2Fwp%2Fv2%2Fproduct_brand&post=1536"},{"taxonomy":"product_cat","embeddable":true,"href":"https:\/\/mz-lkdh.de\/index.php?rest_route=%2Fwp%2Fv2%2Fproduct_cat&post=1536"},{"taxonomy":"product_tag","embeddable":true,"href":"https:\/\/mz-lkdh.de\/index.php?rest_route=%2Fwp%2Fv2%2Fproduct_tag&post=1536"}],"curies":[{"name":"wp","href":"https:\/\/api.w.org\/{rel}","templated":true}]}}