{"id":1738,"date":"2022-05-12T09:54:50","date_gmt":"2022-05-12T09:54:50","guid":{"rendered":"http:\/\/mz-lkdh.de\/?post_type=product&#038;p=1738"},"modified":"2022-05-12T11:50:22","modified_gmt":"2022-05-12T11:50:22","slug":"sony-pmw-x70","status":"publish","type":"product","link":"https:\/\/mz-lkdh.de\/?product=sony-pmw-x70","title":{"rendered":"Sony PMW-X70"},"content":{"rendered":"<p>3 baugleiche 4K-Camcorder, die lichtstarke Objektive und 2 externe XLR-Mikroeing\u00e4nge haben. Die Audiounit l\u00e4sst sich manuell bedienen, Pegel ist auf dem Display zuschaltbar, Audioquelle muss im Men\u00fc ausgew\u00e4hlt werden. Hauptfeature f\u00fcr unseren Verleih: SDI-Ausg\u00e4nge neben den \u00fcblichen HDMI-Outs. Die Camcorder k\u00f6nnen somit ohne Adapter (die sonst mit Steckdosen verkabelt werden m\u00fcssen) direkt mit dem <a href=\"https:\/\/mz-lkdh.de\/?product=digitaler-videomischer\">Blackmagic Atem<\/a> verbunden werden. SDI-Kabel 4K-kompatibel in unterschiedlichen L\u00e4ngen da, bitte gleich mitbestellen. Besonderheit bei dieser Qualit\u00e4tsstufe: Kamera hat einen stufenlos einstellbaren ND-Filter, besonders einfaches Bedienen unter schwierigen, wechselhaften Lichtverh\u00e4ltnissen an hellen Tagen.<\/p>\n","protected":false},"excerpt":{"rendered":"<p>3 baugleiche 4K-Camcorder, die lichtstarke Objektive und 2 externe XLR-Mikroeing\u00e4nge haben. Die Audiounit l\u00e4sst sich manuell bedienen, Pegel ist auf dem Display zuschaltbar, Audioquelle muss im Men\u00fc ausgew\u00e4hlt werden. Hauptfeature f\u00fcr unseren Verleih: SDI-Ausg\u00e4nge neben den \u00fcblichen HDMI-Outs. Die Camcorder k\u00f6nnen somit ohne Adapter (die<\/p>\n","protected":false},"featured_media":1739,"template":"","meta":[],"product_brand":[],"product_cat":[35,24],"product_tag":[],"class_list":{"0":"post-1738","1":"product","2":"type-product","3":"status-publish","4":"has-post-thumbnail","6":"product_cat-kameras","7":"product_cat-film","9":"first","10":"instock","11":"shipping-taxable","12":"product-type-simple"},"jetpack_sharing_enabled":true,"_links":{"self":[{"href":"https:\/\/mz-lkdh.de\/index.php?rest_route=\/wp\/v2\/product\/1738","targetHints":{"allow":["GET"]}}],"collection":[{"href":"https:\/\/mz-lkdh.de\/index.php?rest_route=\/wp\/v2\/product"}],"about":[{"href":"https:\/\/mz-lkdh.de\/index.php?rest_route=\/wp\/v2\/types\/product"}],"wp:featuredmedia":[{"embeddable":true,"href":"https:\/\/mz-lkdh.de\/index.php?rest_route=\/wp\/v2\/media\/1739"}],"wp:attachment":[{"href":"https:\/\/mz-lkdh.de\/index.php?rest_route=%2Fwp%2Fv2%2Fmedia&parent=1738"}],"wp:term":[{"taxonomy":"product_brand","embeddable":true,"href":"https:\/\/mz-lkdh.de\/index.php?rest_route=%2Fwp%2Fv2%2Fproduct_brand&post=1738"},{"taxonomy":"product_cat","embeddable":true,"href":"https:\/\/mz-lkdh.de\/index.php?rest_route=%2Fwp%2Fv2%2Fproduct_cat&post=1738"},{"taxonomy":"product_tag","embeddable":true,"href":"https:\/\/mz-lkdh.de\/index.php?rest_route=%2Fwp%2Fv2%2Fproduct_tag&post=1738"}],"curies":[{"name":"wp","href":"https:\/\/api.w.org\/{rel}","templated":true}]}}