{"id":1745,"date":"2022-05-12T12:02:01","date_gmt":"2022-05-12T12:02:01","guid":{"rendered":"http:\/\/mz-lkdh.de\/?post_type=product&#038;p=1745"},"modified":"2022-05-13T09:12:15","modified_gmt":"2022-05-13T09:12:15","slug":"rgblink-mini-livemischer","status":"publish","type":"product","link":"https:\/\/mz-lkdh.de\/?product=rgblink-mini-livemischer","title":{"rendered":"RGBLink Mini+ Livemischer"},"content":{"rendered":"<p>USB 3.0-Livestreamingport, Live-Vorschau, 4 HDMI-ins, OBS-Support<\/p>\n<p>15 \u00dcbergangseffekte, kein Green-Screen-Key (im Gegensatz zum Atem Mini)<\/p>\n<p>Audio-In 3,5-Klinke, Kopfh\u00f6rerausgang zum latenzfreien Abh\u00f6ren,<\/p>\n<p>eingebauter Monitor mit M\u00f6glichkeit zum Multiviewing (angesichts der winzigen Gr\u00f6\u00dfe nicht unbedingt als Referenz zu gebrauchen;-))<\/p>\n<p>Der kleine Streamingmixer wird im Betrieb sehr warm!, darum am besten mit einem Stativ nutzen<\/p>\n<p>Aufl\u00f6sung: WUXGA 1920&#215;1080@60<\/p>\n","protected":false},"excerpt":{"rendered":"<p>USB 3.0-Livestreamingport, Live-Vorschau, 4 HDMI-ins, OBS-Support 15 \u00dcbergangseffekte, kein Green-Screen-Key (im Gegensatz zum Atem Mini) Audio-In 3,5-Klinke, Kopfh\u00f6rerausgang zum latenzfreien Abh\u00f6ren, eingebauter Monitor mit M\u00f6glichkeit zum Multiviewing (angesichts der winzigen Gr\u00f6\u00dfe nicht unbedingt als Referenz zu gebrauchen;-)) Der kleine Streamingmixer wird im Betrieb sehr warm!,<\/p>\n","protected":false},"featured_media":1758,"template":"","meta":[],"product_brand":[],"product_cat":[77],"product_tag":[102],"class_list":{"0":"post-1745","1":"product","2":"type-product","3":"status-publish","4":"has-post-thumbnail","6":"product_cat-live","7":"product_tag-streaming","9":"first","10":"instock","11":"shipping-taxable","12":"product-type-simple"},"jetpack_sharing_enabled":true,"_links":{"self":[{"href":"https:\/\/mz-lkdh.de\/index.php?rest_route=\/wp\/v2\/product\/1745","targetHints":{"allow":["GET"]}}],"collection":[{"href":"https:\/\/mz-lkdh.de\/index.php?rest_route=\/wp\/v2\/product"}],"about":[{"href":"https:\/\/mz-lkdh.de\/index.php?rest_route=\/wp\/v2\/types\/product"}],"wp:featuredmedia":[{"embeddable":true,"href":"https:\/\/mz-lkdh.de\/index.php?rest_route=\/wp\/v2\/media\/1758"}],"wp:attachment":[{"href":"https:\/\/mz-lkdh.de\/index.php?rest_route=%2Fwp%2Fv2%2Fmedia&parent=1745"}],"wp:term":[{"taxonomy":"product_brand","embeddable":true,"href":"https:\/\/mz-lkdh.de\/index.php?rest_route=%2Fwp%2Fv2%2Fproduct_brand&post=1745"},{"taxonomy":"product_cat","embeddable":true,"href":"https:\/\/mz-lkdh.de\/index.php?rest_route=%2Fwp%2Fv2%2Fproduct_cat&post=1745"},{"taxonomy":"product_tag","embeddable":true,"href":"https:\/\/mz-lkdh.de\/index.php?rest_route=%2Fwp%2Fv2%2Fproduct_tag&post=1745"}],"curies":[{"name":"wp","href":"https:\/\/api.w.org\/{rel}","templated":true}]}}