{"id":1746,"date":"2022-05-12T12:03:24","date_gmt":"2022-05-12T12:03:24","guid":{"rendered":"http:\/\/mz-lkdh.de\/?post_type=product&#038;p=1746"},"modified":"2022-05-13T09:12:41","modified_gmt":"2022-05-13T09:12:41","slug":"atem-mini-pro-livestreammischer","status":"publish","type":"product","link":"https:\/\/mz-lkdh.de\/?product=atem-mini-pro-livestreammischer","title":{"rendered":"Atem Mini Pro Livestreammischer"},"content":{"rendered":"<p>Der kleine Livestream-Mischer bietet vier skalierbare HDMI-Eing\u00e4nge, einen USB-Webcam-Ausgang, einen Audiomixer mit EQ und Dynamiktools, einen DVE-Prozessor f\u00fcr Bild-im-Bild-Darstellungen, \u00dcbergangseffekte, einen Greenscreen-Chromakeyer und einen 20 Standbilder fassenden Media Pool f\u00fcr Titel. \u00a0Mit dem Pro-Modell l\u00e4sst sich im H.264-Format direkt auf USB-Laufwerke aufzeichnen, per Ethernet direkt Live streamen und mehr. Es gibt in der Software eine Multiview-Ansicht f\u00fcr vier Kameras, Vorschau und Programm sowie f\u00fcr den Status von Aufzeichnung, Streaming und Audio.<\/p>\n<p>2 unabh\u00e4ngige 3,5-Klinke-Audioeing\u00e4nge, 1 Kopfh\u00f6rerausgang<\/p>\n<p>Live-Recordings lassen sich nachtr\u00e4glich komfortabel in DaVinci Resolve bearbeiten, weil das Programm alle Liveschnittdaten erkennt.<\/p>\n","protected":false},"excerpt":{"rendered":"<p>Der kleine Livestream-Mischer bietet vier skalierbare HDMI-Eing\u00e4nge, einen USB-Webcam-Ausgang, einen Audiomixer mit EQ und Dynamiktools, einen DVE-Prozessor f\u00fcr Bild-im-Bild-Darstellungen, \u00dcbergangseffekte, einen Greenscreen-Chromakeyer und einen 20 Standbilder fassenden Media Pool f\u00fcr Titel. \u00a0Mit dem Pro-Modell l\u00e4sst sich im H.264-Format direkt auf USB-Laufwerke aufzeichnen, per Ethernet direkt<\/p>\n","protected":false},"featured_media":1756,"template":"","meta":[],"product_brand":[],"product_cat":[77],"product_tag":[103],"class_list":{"0":"post-1746","1":"product","2":"type-product","3":"status-publish","4":"has-post-thumbnail","6":"product_cat-live","7":"product_tag-streaming-multicam","9":"first","10":"instock","11":"shipping-taxable","12":"product-type-simple"},"jetpack_sharing_enabled":true,"_links":{"self":[{"href":"https:\/\/mz-lkdh.de\/index.php?rest_route=\/wp\/v2\/product\/1746","targetHints":{"allow":["GET"]}}],"collection":[{"href":"https:\/\/mz-lkdh.de\/index.php?rest_route=\/wp\/v2\/product"}],"about":[{"href":"https:\/\/mz-lkdh.de\/index.php?rest_route=\/wp\/v2\/types\/product"}],"wp:featuredmedia":[{"embeddable":true,"href":"https:\/\/mz-lkdh.de\/index.php?rest_route=\/wp\/v2\/media\/1756"}],"wp:attachment":[{"href":"https:\/\/mz-lkdh.de\/index.php?rest_route=%2Fwp%2Fv2%2Fmedia&parent=1746"}],"wp:term":[{"taxonomy":"product_brand","embeddable":true,"href":"https:\/\/mz-lkdh.de\/index.php?rest_route=%2Fwp%2Fv2%2Fproduct_brand&post=1746"},{"taxonomy":"product_cat","embeddable":true,"href":"https:\/\/mz-lkdh.de\/index.php?rest_route=%2Fwp%2Fv2%2Fproduct_cat&post=1746"},{"taxonomy":"product_tag","embeddable":true,"href":"https:\/\/mz-lkdh.de\/index.php?rest_route=%2Fwp%2Fv2%2Fproduct_tag&post=1746"}],"curies":[{"name":"wp","href":"https:\/\/api.w.org\/{rel}","templated":true}]}}