{"id":1765,"date":"2022-05-13T09:00:07","date_gmt":"2022-05-13T09:00:07","guid":{"rendered":"http:\/\/mz-lkdh.de\/?post_type=product&#038;p=1765"},"modified":"2022-05-18T09:32:16","modified_gmt":"2022-05-18T09:32:16","slug":"insta360-one-r-twin-actioncam","status":"publish","type":"product","link":"https:\/\/mz-lkdh.de\/?product=insta360-one-r-twin-actioncam","title":{"rendered":"Insta360 One R Twin Actioncam"},"content":{"rendered":"<p>Mit 3 Wechselobjektiven: Weitwinkel, 360\u00b0-Doppellinse und 4K Boost-Weitwinkel-Objektiv. Unsichtbarer Selfie-Stick: kompatibel mit dem 360\u00b0-Objektiv, kaschiert die Insta360 den Selfie-Stick aus dem Bild und erm\u00f6glicht so perfekte Aufnahmen aus der Luft. Dabei unbedingt \u00a0darauf achten, den Winkel des Selfie-Sticks so anzupassen, dass dieser vertikal unter der Kamera ausgerichtet ist. Mit dabei sind au\u00dferdem Ersatzakku, Tauchgeh\u00e4use (wasserdicht bis 5m Tiefe ohne Geh\u00e4use), Mikroadapter und Linsenschutz.<\/p>\n<p>F\u00fcr gutes Licht sorgen, am Tag drehen!: Wie alle Action-Cams liefert die Insta360 sonst verrauschte Bilder, in den Randbereichen der 360\u00b0-Videos Unsch\u00e4rfen.<\/p>\n","protected":false},"excerpt":{"rendered":"<p>Mit 3 Wechselobjektiven: Weitwinkel, 360\u00b0-Doppellinse und 4K Boost-Weitwinkel-Objektiv. Unsichtbarer Selfie-Stick: kompatibel mit dem 360\u00b0-Objektiv, kaschiert die Insta360 den Selfie-Stick aus dem Bild und erm\u00f6glicht so perfekte Aufnahmen aus der Luft. Dabei unbedingt \u00a0darauf achten, den Winkel des Selfie-Sticks so anzupassen, dass dieser vertikal unter der<\/p>\n","protected":false},"featured_media":1780,"template":"","meta":[],"product_brand":[],"product_cat":[35],"product_tag":[],"class_list":{"0":"post-1765","1":"product","2":"type-product","3":"status-publish","4":"has-post-thumbnail","6":"product_cat-kameras","8":"first","9":"instock","10":"shipping-taxable","11":"product-type-simple"},"jetpack_sharing_enabled":true,"_links":{"self":[{"href":"https:\/\/mz-lkdh.de\/index.php?rest_route=\/wp\/v2\/product\/1765","targetHints":{"allow":["GET"]}}],"collection":[{"href":"https:\/\/mz-lkdh.de\/index.php?rest_route=\/wp\/v2\/product"}],"about":[{"href":"https:\/\/mz-lkdh.de\/index.php?rest_route=\/wp\/v2\/types\/product"}],"wp:featuredmedia":[{"embeddable":true,"href":"https:\/\/mz-lkdh.de\/index.php?rest_route=\/wp\/v2\/media\/1780"}],"wp:attachment":[{"href":"https:\/\/mz-lkdh.de\/index.php?rest_route=%2Fwp%2Fv2%2Fmedia&parent=1765"}],"wp:term":[{"taxonomy":"product_brand","embeddable":true,"href":"https:\/\/mz-lkdh.de\/index.php?rest_route=%2Fwp%2Fv2%2Fproduct_brand&post=1765"},{"taxonomy":"product_cat","embeddable":true,"href":"https:\/\/mz-lkdh.de\/index.php?rest_route=%2Fwp%2Fv2%2Fproduct_cat&post=1765"},{"taxonomy":"product_tag","embeddable":true,"href":"https:\/\/mz-lkdh.de\/index.php?rest_route=%2Fwp%2Fv2%2Fproduct_tag&post=1765"}],"curies":[{"name":"wp","href":"https:\/\/api.w.org\/{rel}","templated":true}]}}