{"id":2016,"date":"2023-11-03T10:48:51","date_gmt":"2023-11-03T10:48:51","guid":{"rendered":"https:\/\/mz-lkdh.de\/?post_type=product&#038;p=2016"},"modified":"2023-11-03T10:48:51","modified_gmt":"2023-11-03T10:48:51","slug":"aputure-ls-60x","status":"publish","type":"product","link":"https:\/\/mz-lkdh.de\/?product=aputure-ls-60x","title":{"rendered":"Aputure LS 60x"},"content":{"rendered":"<p>In vielen Filmsituationen als Hauptlicht oder Zusatzlicht einsetzbar, Fl\u00fcgeltore erm\u00f6glichen eine punktuelle Ausleuchtung. Akku-Betrieb m\u00f6glich,<br \/>\ndamit auch f\u00fcr Aussendreh geeignet<br \/>\nMit Bowens-Mount f\u00fcr opt. Softbox. Steuerbar auch \u00fcber App und Bluetooth 5.0 bis 80m. Stufenlos dimmbar, Farbtemperatur regelbar (2700 K &#8211; 6500 K). Lichteffekte: Kaputte Gl\u00fchbirne, Feuerwerk,<br \/>\nPapparazzi, Fernseher, Stroboskop und Explosion: alle einstellbar (Frequenz und Intensit\u00e4t).<\/p>\n","protected":false},"excerpt":{"rendered":"<p>In vielen Filmsituationen als Hauptlicht oder Zusatzlicht einsetzbar, Fl\u00fcgeltore erm\u00f6glichen eine punktuelle Ausleuchtung. Akku-Betrieb m\u00f6glich, damit auch f\u00fcr Aussendreh geeignet Mit Bowens-Mount f\u00fcr opt. Softbox. Steuerbar auch \u00fcber App und Bluetooth 5.0 bis 80m. Stufenlos dimmbar, Farbtemperatur regelbar (2700 K &#8211; 6500 K). Lichteffekte: Kaputte<\/p>\n","protected":false},"featured_media":2009,"template":"","meta":[],"product_brand":[],"product_cat":[107,106],"product_tag":[],"class_list":{"0":"post-2016","1":"product","2":"type-product","3":"status-publish","4":"has-post-thumbnail","6":"product_cat-filmlicht","7":"product_cat-licht","9":"first","10":"instock","11":"shipping-taxable","12":"product-type-simple"},"jetpack_sharing_enabled":true,"_links":{"self":[{"href":"https:\/\/mz-lkdh.de\/index.php?rest_route=\/wp\/v2\/product\/2016","targetHints":{"allow":["GET"]}}],"collection":[{"href":"https:\/\/mz-lkdh.de\/index.php?rest_route=\/wp\/v2\/product"}],"about":[{"href":"https:\/\/mz-lkdh.de\/index.php?rest_route=\/wp\/v2\/types\/product"}],"wp:featuredmedia":[{"embeddable":true,"href":"https:\/\/mz-lkdh.de\/index.php?rest_route=\/wp\/v2\/media\/2009"}],"wp:attachment":[{"href":"https:\/\/mz-lkdh.de\/index.php?rest_route=%2Fwp%2Fv2%2Fmedia&parent=2016"}],"wp:term":[{"taxonomy":"product_brand","embeddable":true,"href":"https:\/\/mz-lkdh.de\/index.php?rest_route=%2Fwp%2Fv2%2Fproduct_brand&post=2016"},{"taxonomy":"product_cat","embeddable":true,"href":"https:\/\/mz-lkdh.de\/index.php?rest_route=%2Fwp%2Fv2%2Fproduct_cat&post=2016"},{"taxonomy":"product_tag","embeddable":true,"href":"https:\/\/mz-lkdh.de\/index.php?rest_route=%2Fwp%2Fv2%2Fproduct_tag&post=2016"}],"curies":[{"name":"wp","href":"https:\/\/api.w.org\/{rel}","templated":true}]}}