{"id":218,"date":"2019-12-19T11:00:28","date_gmt":"2019-12-19T11:00:28","guid":{"rendered":"http:\/\/mz-lkdh.de\/?post_type=product&#038;p=218"},"modified":"2019-12-19T11:00:28","modified_gmt":"2019-12-19T11:00:28","slug":"steadycam","status":"publish","type":"product","link":"https:\/\/mz-lkdh.de\/?product=steadycam","title":{"rendered":"Steadycam"},"content":{"rendered":"<p>Viele arbeiten inzwischen mit der Ronin, sie ist leichter zu justieren, die Bewegungen damit\u00a0 sind einfacher zu lernen. Aber f\u00fcr gr\u00f6\u00dfere Kameras und lange Sequenzen ist das Arbeiten mit der Steadycam besser. Nur nach Einweisung verleihbar<\/p>\n<p>Tel: 04242 976 4710\/4711<\/p>\n","protected":false},"excerpt":{"rendered":"<p>Viele arbeiten inzwischen mit der Ronin, sie ist leichter zu justieren, die Bewegungen damit\u00a0 sind einfacher zu lernen. Aber f\u00fcr gr\u00f6\u00dfere Kameras und lange Sequenzen ist das Arbeiten mit der Steadycam besser. Nur nach Einweisung verleihbar Tel: 04242 976 4710\/4711<\/p>\n","protected":false},"featured_media":220,"template":"","meta":[],"product_brand":[],"product_cat":[46],"product_tag":[47,48],"class_list":{"0":"post-218","1":"product","2":"type-product","3":"status-publish","4":"has-post-thumbnail","6":"product_cat-staedycam","7":"product_tag-stabilisierung","8":"product_tag-steadycam","10":"first","11":"instock","12":"shipping-taxable","13":"product-type-simple"},"jetpack_sharing_enabled":true,"_links":{"self":[{"href":"https:\/\/mz-lkdh.de\/index.php?rest_route=\/wp\/v2\/product\/218","targetHints":{"allow":["GET"]}}],"collection":[{"href":"https:\/\/mz-lkdh.de\/index.php?rest_route=\/wp\/v2\/product"}],"about":[{"href":"https:\/\/mz-lkdh.de\/index.php?rest_route=\/wp\/v2\/types\/product"}],"wp:featuredmedia":[{"embeddable":true,"href":"https:\/\/mz-lkdh.de\/index.php?rest_route=\/wp\/v2\/media\/220"}],"wp:attachment":[{"href":"https:\/\/mz-lkdh.de\/index.php?rest_route=%2Fwp%2Fv2%2Fmedia&parent=218"}],"wp:term":[{"taxonomy":"product_brand","embeddable":true,"href":"https:\/\/mz-lkdh.de\/index.php?rest_route=%2Fwp%2Fv2%2Fproduct_brand&post=218"},{"taxonomy":"product_cat","embeddable":true,"href":"https:\/\/mz-lkdh.de\/index.php?rest_route=%2Fwp%2Fv2%2Fproduct_cat&post=218"},{"taxonomy":"product_tag","embeddable":true,"href":"https:\/\/mz-lkdh.de\/index.php?rest_route=%2Fwp%2Fv2%2Fproduct_tag&post=218"}],"curies":[{"name":"wp","href":"https:\/\/api.w.org\/{rel}","templated":true}]}}